{"id":1142,"date":"2014-12-03T11:58:05","date_gmt":"2014-12-03T10:58:05","guid":{"rendered":"http:\/\/www.neverending.eu\/?page_id=1142"},"modified":"2022-05-12T00:20:22","modified_gmt":"2022-05-11T22:20:22","slug":"minibuses-2","status":"publish","type":"page","link":"https:\/\/www.autopujcovny-praha.cz\/it\/minibuses-2\/","title":{"rendered":"MINIBUSES"},"content":{"rendered":"<h2>Dacia Logan &#8211; 7\u00a0seats<\/h2>\n<p><strong>Number of seats<\/strong>: 7<br \/>\n<span class=\"\\&quot;bold\"><strong>Cubature:<\/strong><\/span> 1,6<br \/>\n<span class=\"\\&quot;bold\"><strong>Fuel:<\/strong> petrol<\/span><br \/>\n<strong>Appointments:<\/strong> ABS, radio, AC, central door lock, power front windows, airbag &#8211; 7 seats<a class=\"\\&quot;rezervace\\&quot;\" title=\"\\&quot;Rezervace\" href=\"https:\/\/www.autopujcovny-praha.cz\/%5C%22rezervace.htm?id=23%5C%22\"><br \/>\n<\/a><\/p>\n<div class=\"\\&quot;clear\\&quot;\"><\/div>\n<table border=\"\\&quot;0\\&quot;\" width=\"\\&quot;473\\&quot;\">\n<tbody>\n<tr>\n<td><\/td>\n<td><strong>1 &#8211; 2 days<br \/>\n<\/strong><\/td>\n<td><strong>3 &#8211; 6 days<br \/>\n<\/strong><\/td>\n<td><strong>7 &#8211; 30 days<br \/>\n<\/strong><\/td>\n<\/tr>\n<tr>\n<td>unlimited mileage<\/td>\n<td>1200,- K\u010d<\/td>\n<td>1100,- K\u010d<\/td>\n<td>1000,- K\u010d<\/td>\n<\/tr>\n<tr>\n<td>limit 200 km per day<\/td>\n<td>1100,- K\u010d<\/td>\n<td>1000,- K\u010d<\/td>\n<td>900,- K\u010d<\/td>\n<\/tr>\n<\/tbody>\n<\/table>\n<h1><\/h1>\n<h2>Renault Espace 6 &#8211; 7\u00a0seats &#8211; luxury appointments<\/h2>\n<p><strong><span class=\"\\&quot;bold\">Number of seats<\/span>:<\/strong> 6-7<br \/>\n<span class=\"\\&quot;bold\"><strong>Cubature:<\/strong><\/span> 3,5<br \/>\n<span class=\"\\&quot;bold\"><strong>Fuel:<\/strong> petrol<\/span><br \/>\n<span class=\"\\&quot;bold\"><strong>Appointments:<\/strong> AC, radio, CD, airbags, central door lock, electric windows and mirrors, leather power seats, glazed roof, automatic<\/span><\/p>\n<div class=\"\\&quot;cena\\&quot;\"><a class=\"\\&quot;rezervace\\&quot;\" title=\"\\&quot;Rezervace\" href=\"https:\/\/www.autopujcovny-praha.cz\/%5C%22rezervace.htm?id=23%5C%22\"><br \/>\n<\/a><\/div>\n<div class=\"\\&quot;clear\\&quot;\"><\/div>\n<table border=\"\\&quot;0\\&quot;\" width=\"\\&quot;478\\&quot;\">\n<tbody>\n<tr>\n<td><\/td>\n<td><strong>1 &#8211; 2 days<br \/>\n<\/strong><\/td>\n<td><strong>3 &#8211; 6 days<br \/>\n<\/strong><\/td>\n<td><strong>7 &#8211; 30 days<br \/>\n<\/strong><\/td>\n<\/tr>\n<tr>\n<td>unlimited mileage<\/td>\n<td>1900,- K\u010d<\/td>\n<td>1700,- K\u010d<\/td>\n<td>1500,- K\u010d<\/td>\n<\/tr>\n<tr>\n<td>limit 200 km per day<\/td>\n<td>1800,- K\u010d<\/td>\n<td>1600,- K\u010d<\/td>\n<td>1400,- K\u010d<\/td>\n<\/tr>\n<\/tbody>\n<\/table>\n<p>Renault Trafic 7\u00a0seats &#8211; luxury appointments<\/p>\n<p><strong>Number of seats:<\/strong> 7<br \/>\n<span class=\"\\&quot;bold\"><strong>Cubature:<\/strong><\/span> 2,0<br \/>\n<span class=\"\\&quot;bold\"><strong>Fuel:<\/strong><\/span> petrol<br \/>\n<strong>Appointments:<\/strong> \u00a0central door lock, electric windows and mirrors, air-conditioning, radio, airbags, ABS, servo, parking sensor, rotary seats with table, possibiliti fridge<\/p>\n<div class=\"\\&quot;cena\\&quot;\"><a class=\"\\&quot;rezervace\\&quot;\" title=\"\\&quot;Rezervace\" href=\"https:\/\/www.autopujcovny-praha.cz\/%5C%22rezervace.htm?id=23%5C%22\"><br \/>\n<\/a><\/div>\n<div class=\"\\&quot;clear\\&quot;\"><\/div>\n<table border=\"\\&quot;0\\&quot;\" width=\"\\&quot;517\\&quot;\">\n<tbody>\n<tr>\n<td><\/td>\n<td><strong>1 &#8211; 2 days<br \/>\n<\/strong><\/td>\n<td><strong>3 &#8211; 6 days<br \/>\n<\/strong><\/td>\n<td><strong>7 &#8211; 30 days<br \/>\n<\/strong><\/td>\n<td><strong>1 &#8211; 3 months<\/strong><\/td>\n<\/tr>\n<tr>\n<td>unlimited mileage<\/td>\n<td>2900,- K\u010d<\/td>\n<td>2500,- K\u010d<\/td>\n<td>2100,- K\u010d<\/td>\n<td>31500,- K\u010d<\/td>\n<\/tr>\n<\/tbody>\n<\/table>\n<p>Renault Trafic 9 seats<\/p>\n<p>&nbsp;<\/p>\n<p><strong>Number of seats<\/strong>:<br \/>\n<span class=\"\\&quot;bold\"><strong>Cubature:<\/strong><\/span> 2,0<br \/>\n<span class=\"\\&quot;bold\"><strong>Fuel:<\/strong><\/span> diesel<br \/>\n<strong>Appointments:<\/strong> \u00a0central door lock, electric windows and mirrors, airbags, radio, ABS, servo<\/p>\n<div class=\"\\&quot;cena\\&quot;\"><a class=\"\\&quot;rezervace\\&quot;\" title=\"\\&quot;Rezervace\" href=\"https:\/\/www.autopujcovny-praha.cz\/%5C%22rezervace.htm?id=23%5C%22\"><br \/>\n<\/a><\/div>\n<div class=\"\\&quot;clear\\&quot;\"><\/div>\n<table border=\"\\&quot;0\\&quot;\" width=\"\\&quot;523\\&quot;\">\n<tbody>\n<tr>\n<td><\/td>\n<td><strong>1 &#8211; 2 days<br \/>\n<\/strong><\/td>\n<td><strong>3 &#8211; 6 days<br \/>\n<\/strong><\/td>\n<td><strong>7 &#8211; 30 days<\/strong><\/td>\n<td><strong>1 &#8211; 3 months<\/strong><\/td>\n<\/tr>\n<tr>\n<td>unlimited mileage<\/td>\n<td>2200,- K\u010d<\/td>\n<td>2000,- K\u010d<\/td>\n<td>1800,- K\u010d<\/td>\n<td>25700,- K\u010d<\/td>\n<\/tr>\n<\/tbody>\n<\/table>\n<p>Renault Trafic 9 seats<\/p>\n<p>&nbsp;<\/p>\n<p><strong>Number of seats:<\/strong>\u00a0 9<br \/>\n<span class=\"\\&quot;bold\"><strong>Cubature:<\/strong><\/span> 2,0<br \/>\n<span class=\"\\&quot;bold\"><strong>Fuel:<\/strong><\/span> petrol<br \/>\n<strong>Appointments:<\/strong> central door lock, air-conditioning, electric windows and mirrors, radio, airbags, ABS, servo<a class=\"\\&quot;rezervace\\&quot;\" title=\"\\&quot;Rezervace\" href=\"https:\/\/www.autopujcovny-praha.cz\/%5C%22rezervace.htm?id=23%5C%22\"><br \/>\n<\/a><\/p>\n<div class=\"\\&quot;clear\\&quot;\"><\/div>\n<table border=\"\\&quot;0\\&quot;\" width=\"\\&quot;521\\&quot;\">\n<tbody>\n<tr>\n<td><\/td>\n<td><strong>1 &#8211; 2 days<br \/>\n<\/strong><\/td>\n<td><strong>3 &#8211; 6 days<br \/>\n<\/strong><\/td>\n<td><strong>7 &#8211; 30 days<br \/>\n<\/strong><\/td>\n<td>\n<p align=\"\\&quot;left\\&quot;\"><strong>1 &#8211; 3 months<\/strong><\/p>\n<\/td>\n<\/tr>\n<tr>\n<td>unlimited mileage<\/td>\n<td>2500,- K\u010d<\/td>\n<td>2350,- K\u010d<\/td>\n<td>2100,- K\u010d<\/td>\n<td>27200,- K\u010d<\/td>\n<\/tr>\n<\/tbody>\n<\/table>\n<p>&nbsp;<\/p>\n<p>&nbsp;<\/p>\n<div id=\"\\&quot;red\\&quot;\">\n<div id=\"\\&quot;red-inner\\&quot;\">\n<p><strong>***Price per day or per month without TAX. <\/strong><\/p>\n<p>&nbsp;<\/p>\n<p><strong>*** Price includes: 200 km per day (extra km for an additional fee CZK 2\/km), replacement vehicle, complex insurance in the Czech Republic and European Union (accident, theft, loss damage, damage liability = CDW and TP insurance) with the renter\u2019s 10% responsibility in minimum 10.000,-CZK, the International Motor Insurance Card (\u201egreen card\u201c), non-stop fast and professional assistance, radio fee, route tax CZ, highway fee (toll sticker), free car pick up in Prague.<br \/>\n<\/strong><br \/>\n<strong>*** Price excludes: unlimited mileage, cross border rental fare, additional driver fee, selected car appointments, dispensation of renter\u2019s responsibility at occurrences of loss (available for an extra fee), car pick up at the airport and outside Prague, optional services.<\/strong><\/p>\n<\/div>\n<\/div>\n<pre>V\u00edcem\u00edstn\u00e9 vozy a minibusy - Autop\u016fj\u010dovna, p\u016fj\u010dovna aut Praha\r\n<\/pre>\n","protected":false},"excerpt":{"rendered":"<p>Dacia Logan &#8211; 7\u00a0seats Number of seats: 7 Cubature: 1,6 Fuel: petrol Appointments: ABS, radio, AC, central door lock, power front windows, airbag &#8211; 7 seats 1 &#8211; 2 days 3 &#8211; 6 days 7 &#8211; 30 days unlimited mileage 1200,- K\u010d 1100,- K\u010d 1000,- K\u010d limit 200 km per day 1100,- K\u010d 1000,- K\u010d [&hellip;]<\/p>\n","protected":false},"author":1,"featured_media":1333,"parent":0,"menu_order":0,"comment_status":"closed","ping_status":"closed","template":"template-builder-page.php","meta":{"_et_pb_use_builder":"","_et_pb_old_content":"","_et_gb_content_width":"","footnotes":""},"class_list":["post-1142","page","type-page","status-publish","has-post-thumbnail","hentry"],"_links":{"self":[{"href":"https:\/\/www.autopujcovny-praha.cz\/it\/wp-json\/wp\/v2\/pages\/1142","targetHints":{"allow":["GET"]}}],"collection":[{"href":"https:\/\/www.autopujcovny-praha.cz\/it\/wp-json\/wp\/v2\/pages"}],"about":[{"href":"https:\/\/www.autopujcovny-praha.cz\/it\/wp-json\/wp\/v2\/types\/page"}],"author":[{"embeddable":true,"href":"https:\/\/www.autopujcovny-praha.cz\/it\/wp-json\/wp\/v2\/users\/1"}],"replies":[{"embeddable":true,"href":"https:\/\/www.autopujcovny-praha.cz\/it\/wp-json\/wp\/v2\/comments?post=1142"}],"version-history":[{"count":1,"href":"https:\/\/www.autopujcovny-praha.cz\/it\/wp-json\/wp\/v2\/pages\/1142\/revisions"}],"predecessor-version":[{"id":1143,"href":"https:\/\/www.autopujcovny-praha.cz\/it\/wp-json\/wp\/v2\/pages\/1142\/revisions\/1143"}],"wp:featuredmedia":[{"embeddable":true,"href":"https:\/\/www.autopujcovny-praha.cz\/it\/wp-json\/wp\/v2\/media\/1333"}],"wp:attachment":[{"href":"https:\/\/www.autopujcovny-praha.cz\/it\/wp-json\/wp\/v2\/media?parent=1142"}],"curies":[{"name":"wp","href":"https:\/\/api.w.org\/{rel}","templated":true}]}}