{"id":1180,"date":"2014-12-03T12:16:41","date_gmt":"2014-12-03T11:16:41","guid":{"rendered":"http:\/\/www.neverending.eu\/?page_id=1180"},"modified":"2022-05-12T00:20:21","modified_gmt":"2022-05-11T22:20:21","slug":"last-minute-5","status":"publish","type":"page","link":"https:\/\/www.autopujcovny-praha.cz\/it\/last-minute-5\/","title":{"rendered":"LAST MINUTE"},"content":{"rendered":"<table class=\"\\&quot;cenik\\&quot;\" width=\"\\&quot;452\\&quot;\" cellspacing=\"\\&quot;0\\&quot;\" cellpadding=\"\\&quot;0\\&quot;\">\n<tbody>\n<tr class=\"\\&quot;sudy\\&quot;\">\n<td align=\"\\&quot;center\\&quot;\"><strong>Category<\/strong><\/td>\n<td class=\"\\&quot;nazev-vozu\\&quot;\" align=\"\\&quot;center\\&quot;\"><strong>Car type<br \/>\n<\/strong><\/td>\n<td class=\"\\&quot;center-align\\&quot;\" align=\"\\&quot;center\\&quot;\"><\/td>\n<td class=\"\\&quot;center-align\\&quot;\" align=\"\\&quot;center\\&quot;\"><strong>\u00a0 AC<\/strong><\/td>\n<td class=\"\\&quot;center-align\\&quot;\" align=\"\\&quot;center\\&quot;\"><strong>Person<\/strong><\/td>\n<td class=\"\\&quot;right-align\\&quot;\" align=\"\\&quot;center\\&quot;\"><strong>1 &#8211; 2 days<br \/>\n<\/strong><\/td>\n<td class=\"\\&quot;right-align\\&quot;\" align=\"\\&quot;center\\&quot;\"><strong>3 &#8211; 6 days<br \/>\n<\/strong><\/td>\n<td class=\"\\&quot;right-align\\&quot;\" align=\"\\&quot;center\\&quot;\"><strong>7 &#8211; 30 days<\/strong><\/td>\n<\/tr>\n<tr>\n<td dir=\"\\&quot;ltr\\&quot;\">Economy<\/td>\n<td class=\"\\&quot;nazev-vozu\\&quot;\">Dacia Logan<\/td>\n<td class=\"\\&quot;center-align\\&quot;\"><\/td>\n<td class=\"\\&quot;center-align\\&quot;\">NO<\/td>\n<td class=\"\\&quot;center-align\\&quot;\">5<\/td>\n<td class=\"\\&quot;right-align\\&quot;\">500 K\u010d<\/td>\n<td class=\"\\&quot;right-align\\&quot;\">450 K\u010d<\/td>\n<td class=\"\\&quot;right-align\\&quot;\">400 K\u010d<\/td>\n<\/tr>\n<tr>\n<td>Economy<\/td>\n<td class=\"\\&quot;nazev-vozu\\&quot;\">Renault Thalia<\/td>\n<td class=\"\\&quot;center-align\\&quot;\"><\/td>\n<td class=\"\\&quot;center-align\\&quot;\">NO<\/td>\n<td class=\"\\&quot;center-align\\&quot;\">5<\/td>\n<td class=\"\\&quot;right-align\\&quot;\">550 K\u010d<\/td>\n<td class=\"\\&quot;right-align\\&quot;\">500 K\u010d<\/td>\n<td class=\"\\&quot;right-align\\&quot;\">450 K\u010d<\/td>\n<\/tr>\n<tr>\n<td>Automatic<\/td>\n<td class=\"\\&quot;nazev-vozu\\&quot;\">Renault Clio<\/td>\n<td class=\"\\&quot;center-align\\&quot;\"><\/td>\n<td class=\"\\&quot;center-align\\&quot;\">NO<\/td>\n<td class=\"\\&quot;center-align\\&quot;\">5<\/td>\n<td class=\"\\&quot;right-align\\&quot;\">550 K\u010d<\/td>\n<td class=\"\\&quot;right-align\\&quot;\">500 K\u010d<\/td>\n<td class=\"\\&quot;right-align\\&quot;\">450 K\u010d<\/td>\n<\/tr>\n<tr>\n<td>Standard<\/td>\n<td class=\"\\&quot;nazev-vozu\\&quot;\">Renault Modus<\/td>\n<td class=\"\\&quot;center-align\\&quot;\"><\/td>\n<td class=\"\\&quot;center-align\\&quot;\">YES<\/td>\n<td class=\"\\&quot;center-align\\&quot;\">5<\/td>\n<td class=\"\\&quot;right-align\\&quot;\">800 K\u010d<\/td>\n<td class=\"\\&quot;right-align\\&quot;\">750 K\u010d<\/td>\n<td class=\"\\&quot;right-align\\&quot;\">700 K\u010d<\/td>\n<\/tr>\n<tr>\n<td>Automatic<\/td>\n<td class=\"\\&quot;nazev-vozu\\&quot;\">Renault Megan sedan<\/td>\n<td class=\"\\&quot;center-align\\&quot;\"><\/td>\n<td class=\"\\&quot;center-align\\&quot;\">YES<\/td>\n<td class=\"\\&quot;center-align\\&quot;\">5<\/td>\n<td class=\"\\&quot;right-align\\&quot;\">1100 K\u010d<\/td>\n<td class=\"\\&quot;right-align\\&quot;\">1000 K\u010d<\/td>\n<td class=\"\\&quot;right-align\\&quot;\">900 K\u010d<\/td>\n<\/tr>\n<tr>\n<td>Business<\/td>\n<td class=\"\\&quot;nazev-vozu\\&quot;\">Renault Laguna<\/td>\n<td class=\"\\&quot;center-align\\&quot;\"><\/td>\n<td class=\"\\&quot;center-align\\&quot;\">YES<\/td>\n<td class=\"\\&quot;center-align\\&quot;\">5<\/td>\n<td class=\"\\&quot;right-align\\&quot;\">1500 K\u010d<\/td>\n<td class=\"\\&quot;right-align\\&quot;\">1400 K\u010d<\/td>\n<td class=\"\\&quot;right-align\\&quot;\">1200 K\u010d<\/td>\n<\/tr>\n<tr>\n<td>Minibus<\/td>\n<td class=\"\\&quot;nazev-vozu\\&quot;\">Renault Trafic<\/td>\n<td class=\"\\&quot;center-align\\&quot;\"><\/td>\n<td class=\"\\&quot;center-align\\&quot;\">NO<\/td>\n<td class=\"\\&quot;center-align\\&quot;\">5<\/td>\n<td class=\"\\&quot;right-align\\&quot;\">2100 K\u010d<\/td>\n<td class=\"\\&quot;right-align\\&quot;\">1600 K\u010d<\/td>\n<td class=\"\\&quot;right-align\\&quot;\">1400 K\u010d<\/td>\n<\/tr>\n<\/tbody>\n<\/table>\n<p>&nbsp;<\/p>\n<p>&nbsp;<\/p>\n<p>The price are for one day.<br \/>\nIf you want some of this cars, call <strong>+420 602 307 836<\/strong> and ask for availibility of last minute.<br \/>\nAutop\u016fj\u010dovna ASAP Rent car, s.r.o.<\/p>\n","protected":false},"excerpt":{"rendered":"<p>Category Car type \u00a0 AC Person 1 &#8211; 2 days 3 &#8211; 6 days 7 &#8211; 30 days Economy Dacia Logan NO 5 500 K\u010d 450 K\u010d 400 K\u010d Economy Renault Thalia NO 5 550 K\u010d 500 K\u010d 450 K\u010d Automatic Renault Clio NO 5 550 K\u010d 500 K\u010d 450 K\u010d Standard Renault Modus YES [&hellip;]<\/p>\n","protected":false},"author":1,"featured_media":1204,"parent":0,"menu_order":0,"comment_status":"closed","ping_status":"closed","template":"template-builder-page.php","meta":{"_et_pb_use_builder":"","_et_pb_old_content":"","_et_gb_content_width":"","footnotes":""},"class_list":["post-1180","page","type-page","status-publish","has-post-thumbnail","hentry"],"_links":{"self":[{"href":"https:\/\/www.autopujcovny-praha.cz\/it\/wp-json\/wp\/v2\/pages\/1180","targetHints":{"allow":["GET"]}}],"collection":[{"href":"https:\/\/www.autopujcovny-praha.cz\/it\/wp-json\/wp\/v2\/pages"}],"about":[{"href":"https:\/\/www.autopujcovny-praha.cz\/it\/wp-json\/wp\/v2\/types\/page"}],"author":[{"embeddable":true,"href":"https:\/\/www.autopujcovny-praha.cz\/it\/wp-json\/wp\/v2\/users\/1"}],"replies":[{"embeddable":true,"href":"https:\/\/www.autopujcovny-praha.cz\/it\/wp-json\/wp\/v2\/comments?post=1180"}],"version-history":[{"count":1,"href":"https:\/\/www.autopujcovny-praha.cz\/it\/wp-json\/wp\/v2\/pages\/1180\/revisions"}],"predecessor-version":[{"id":1181,"href":"https:\/\/www.autopujcovny-praha.cz\/it\/wp-json\/wp\/v2\/pages\/1180\/revisions\/1181"}],"wp:featuredmedia":[{"embeddable":true,"href":"https:\/\/www.autopujcovny-praha.cz\/it\/wp-json\/wp\/v2\/media\/1204"}],"wp:attachment":[{"href":"https:\/\/www.autopujcovny-praha.cz\/it\/wp-json\/wp\/v2\/media?parent=1180"}],"curies":[{"name":"wp","href":"https:\/\/api.w.org\/{rel}","templated":true}]}}